{"id":177,"date":"2025-02-06T11:25:45","date_gmt":"2025-02-06T10:25:45","guid":{"rendered":"https:\/\/bmsvzqf.cluster021.hosting.ovh.net\/?page_id=177"},"modified":"2026-01-25T14:28:28","modified_gmt":"2026-01-25T13:28:28","slug":"tarifs","status":"publish","type":"page","link":"https:\/\/coachsportifmarion.fr\/index.php\/tarifs\/","title":{"rendered":"Tarifs"},"content":{"rendered":"\n<p class=\"has-text-color has-link-color wp-elements-a7af22deca0a3d7b3107b063f22e8652\" style=\"color:#fa8071;font-size:20px\"><strong>Coaching personnalis\u00e9 max 3 personnes<\/strong><\/p>\n\n\n\n<ul class=\"wp-block-list\">\n<li>1 personne 65 \u20ac<\/li>\n\n\n\n<li>2 personnes 80 \u20ac (+10 \u20ac pour une personne suppl\u00e9mentaire)<\/li>\n\n\n\n<li>Pack 10 s\u00e9ances 600 \u20ac<\/li>\n<\/ul>\n\n\n\n<p class=\"has-text-color has-link-color wp-elements-a013e87d1a8555e540e829c3e5c49a76\" style=\"color:#fa8071;font-size:20px\"><strong>Massages bien-\u00eatre<\/strong><\/p>\n\n\n\n<ul class=\"wp-block-list\">\n<li>Sur table (1h) 60 \u20ac<\/li>\n\n\n\n<li>Sur chaise 20 \u20ac<\/li>\n\n\n\n<li>Synergie personnalis\u00e9e : flacon 5 \u20ac<\/li>\n<\/ul>\n\n\n\n<p>Frais de d\u00e9placement inclus dans le tarifs pour moins de 20 km de Clamart (liste des villes dans les <a href=\"https:\/\/coachsportifmarion.fr\/index.php\/cgv\/#villes\">CGV en suivant ce lien<\/a>)<\/p>\n\n\n\n<p>Au del\u00e0 5 \u20ac suppl\u00e9mentaires<\/p>\n\n\n\n<p>Conditions d&rsquo;annulation : Le client est libre d\u2019annuler une s\u00e9ance aupr\u00e8s de Marion DESOBRY-B\u00d6HLE moyennant un pr\u00e9avis minimum de 24 heures par t\u00e9l\u00e9phone ou SMS. Le cas \u00e9ch\u00e9ant, la s\u00e9ance sera report\u00e9e, sinon elle est due. Si le pr\u00e9avis n\u2019est pas respect\u00e9 ou que Marion DESOBRY-B\u00d6HLE aura attendu plus de 20 mn au lieu de RDV de la s\u00e9ance, la s\u00e9ance sera annul\u00e9e et consid\u00e9r\u00e9e comme due.<\/p>\n\n\n\n<p class=\"has-vivid-red-color has-text-color has-link-color wp-elements-122fc617382cb2faf612aaac0ba9a9a1\" style=\"font-size:20px\"><strong>Toute s\u00e9ance annul\u00e9e moins de 24h avant sera factur\u00e9e \u00e0 50% du tarif<\/strong>.<\/p>\n\n\n\n<p class=\"has-vivid-red-color has-text-color has-link-color wp-elements-4e600f5a5793d50405c80da2fb2f3a7b\" style=\"font-size:20px\"><strong>Si la s\u00e9ance est annul\u00e9e 2h avant, elle est due en totalit\u00e9 (100% du tarif)<\/strong><\/p>\n\n\n\n<p><\/p>\n","protected":false},"excerpt":{"rendered":"<p>Coaching personnalis\u00e9 max 3 personnes Massages bien-\u00eatre Frais de d\u00e9placement inclus dans le tarifs pour moins de 20 km de Clamart (liste des villes dans les CGV en suivant ce lien) Au del\u00e0 5 \u20ac suppl\u00e9mentaires Conditions d&rsquo;annulation : Le client est libre d\u2019annuler une s\u00e9ance aupr\u00e8s de Marion DESOBRY-B\u00d6HLE moyennant un pr\u00e9avis minimum de<\/p><\/div>\n<div class=\"blog-btn\"><a href=\"https:\/\/coachsportifmarion.fr\/index.php\/tarifs\/\" class=\"home-blog-btn\">Lire la suite<\/a><\/p>\n","protected":false},"author":1,"featured_media":0,"parent":0,"menu_order":6,"comment_status":"closed","ping_status":"closed","template":"template\/template-page-full-width.php","meta":{"footnotes":""},"class_list":["post-177","page","type-page","status-publish","hentry"],"aioseo_notices":[],"_links":{"self":[{"href":"https:\/\/coachsportifmarion.fr\/index.php\/wp-json\/wp\/v2\/pages\/177","targetHints":{"allow":["GET"]}}],"collection":[{"href":"https:\/\/coachsportifmarion.fr\/index.php\/wp-json\/wp\/v2\/pages"}],"about":[{"href":"https:\/\/coachsportifmarion.fr\/index.php\/wp-json\/wp\/v2\/types\/page"}],"author":[{"embeddable":true,"href":"https:\/\/coachsportifmarion.fr\/index.php\/wp-json\/wp\/v2\/users\/1"}],"replies":[{"embeddable":true,"href":"https:\/\/coachsportifmarion.fr\/index.php\/wp-json\/wp\/v2\/comments?post=177"}],"version-history":[{"count":17,"href":"https:\/\/coachsportifmarion.fr\/index.php\/wp-json\/wp\/v2\/pages\/177\/revisions"}],"predecessor-version":[{"id":425,"href":"https:\/\/coachsportifmarion.fr\/index.php\/wp-json\/wp\/v2\/pages\/177\/revisions\/425"}],"wp:attachment":[{"href":"https:\/\/coachsportifmarion.fr\/index.php\/wp-json\/wp\/v2\/media?parent=177"}],"curies":[{"name":"wp","href":"https:\/\/api.w.org\/{rel}","templated":true}]}}