{"id":179,"date":"2025-02-06T11:42:41","date_gmt":"2025-02-06T10:42:41","guid":{"rendered":"https:\/\/bmsvzqf.cluster021.hosting.ovh.net\/?page_id=179"},"modified":"2025-03-19T17:21:21","modified_gmt":"2025-03-19T16:21:21","slug":"cgv","status":"publish","type":"page","link":"https:\/\/coachsportifmarion.fr\/index.php\/cgv\/","title":{"rendered":"CGV"},"content":{"rendered":"\n<p><strong>Conditions g\u00e9n\u00e9rales de vente (CGV) <\/strong><a>(02\/2025)<\/a><\/p>\n\n\n\n<p><strong>Coach sportif Marion DESOBRY-B\u00d6HLE<\/strong><\/p>\n\n\n\n<p>Les Conditions g\u00e9n\u00e9rales de vente peuvent \u00eatre lues en permanence sur le site\u00a0: <a href=\"https:\/\/coachsportifmarion.fr\/docs\/CGV.pdf\" target=\"_blank\" rel=\"noopener\" title=\"\">Document CGV.pdf<\/a> ou \u00eatre envoy\u00e9es par courrier \u00e9lectronique sur simple demande.<\/p>\n\n\n\n<p><strong>1. Pr\u00e9sentation de <\/strong><strong>Marion DESOBRY-B\u00d6HLE et contact<\/strong><\/p>\n\n\n\n<p>Marion DESOBRY-B\u00d6HLE est coach sportif dipl\u00f4m\u00e9e du BPJEPS AF option A et B (d\u00e9c. 2020)<\/p>\n\n\n\n<p>D\u00e9tentrice d\u2019une carte pro : 09221ED0120 (expirant le 16\/03\/2026)<\/p>\n\n\n\n<p>Et d\u2019une assurance Responsabilit\u00e9 Civile Professionnelle (RC Pro)&nbsp;: Allianz N\u00b061855162<\/p>\n\n\n\n<p>En auto-entrepreneur (depuis le 05\/01\/2021), num\u00e9ro Siret : 89262533600011, code APE\/NAF : 8551Z<\/p>\n\n\n\n<p>T\u00e9l\u00e9phone&nbsp;: 06 51 80 88 35<\/p>\n\n\n\n<p>Site Internet&nbsp;: <a href=\"https:\/\/coachsportifmarion.fr\">coachsportifmarion.fr<\/a><\/p>\n\n\n\n<p><strong>2. Paiement et acceptation<\/strong><strong><\/strong><\/p>\n\n\n\n<p><strong>Le paiement<\/strong> par <strong>ch\u00e8que<\/strong>, par<strong> virement<\/strong> ou en <strong>esp\u00e8ces<\/strong> d\u2019un (ou plusieurs) coaching(s) <strong>vaut acceptation des pr\u00e9sentes CGV par le client<\/strong>.<\/p>\n\n\n\n<p>Les pr\u00e9sentes Conditions G\u00e9n\u00e9rales de Vente sont applicables d\u00e8s le paiement et pr\u00e9c\u00e9dant la premi\u00e8re prise de contact, \u00e0 l\u2019ex\u00e9cution compl\u00e8te des prestations de chacune des parties, sauf en cas de r\u00e9siliation, d\u2019annulation ou de nullit\u00e9.<\/p>\n\n\n\n<p><strong>3. Protection et modification des informations personnelles renseign\u00e9es par le client&nbsp;<\/strong><\/p>\n\n\n\n<p>Les informations renseign\u00e9es telles que&nbsp;: le pr\u00e9nom, le nom, l\u2019adresse postale, le num\u00e9ro de t\u00e9l\u00e9phone, l\u2019adresse \u00e9lectronique, les informations bancaires, puis les informations sportives et de forme des clients sont essentielles afin que Marion DESOBRY-B\u00d6HLE puisse correctement ex\u00e9cuter ses prestations.<\/p>\n\n\n\n<p>Marion DESOBRY-B\u00d6HLE s\u2019engage \u00e0 ce que les informations renseign\u00e9es par ses clients soient conserv\u00e9es dans un environnement s\u00e9curis\u00e9 et qu\u2019elles ne soient pas accessibles, transmises ou vendues \u00e0 des tiers.<\/p>\n\n\n\n<p>Ces informations sont modifiables \u00e0 tout moment sur simple demande aupr\u00e8s de Marion DESOBRY-B\u00d6HLE.<\/p>\n\n\n\n<p>&nbsp;<strong>4. Prestations accessibles<\/strong><\/p>\n\n\n\n<p>Les prestations de coaching sont d\u00e9finies en collaboration avec le client lors du premier contact et peuvent \u00eatre modifi\u00e9es \u00e0 la demande du client ou par proposition de Marion DESOBRY-B\u00d6HLE.<\/p>\n\n\n\n<p><strong>5. Nature, dur\u00e9e et lieu des prestations<\/strong><\/p>\n\n\n\n<p>&nbsp;Les prestations propos\u00e9es par Marion DESOBRY-B\u00d6HLE sont de nature sportive et contribuent uniquement \u00e0 la forme et au bien-\u00eatre du client. Elles ne peuvent d\u00e8s lors \u00eatre assimil\u00e9es ou se substituer \u00e0 des traitements m\u00e9dicaux ou param\u00e9dicaux.<\/p>\n\n\n\n<p>&nbsp;Chaque s\u00e9ance correspond, sauf indication contraire, \u00e0 une heure d\u2019encadrement et d\u2019accompagnement sportif.<\/p>\n\n\n\n<p>Le lieu de chaque s\u00e9ance est librement choisi par le client, sous r\u00e9serve d\u2019acceptation par Marion DESOBRY-B\u00d6HLE. Il peut notamment s\u2019agir du domicile du client, de son lieu de travail, ou d\u2019un lieu ext\u00e9rieur.<\/p>\n\n\n\n<p>Des frais de d\u00e9placement peuvent \u00eatre demand\u00e9s selon les communes o\u00f9 se pratiqueront les s\u00e9ances. Certains accords de tarifs de d\u00e9placement pourront \u00eatre pass\u00e9s entre Marion DESOBRY-B\u00d6HLE et le client en fonction de la distance et de la quantit\u00e9 des s\u00e9ances achet\u00e9es. Chaque accord sera individuel et personnel \u00e0 chaque client.<\/p>\n\n\n\n<p><\/p>\n\n\n\n<p class=\"has-text-color has-link-color wp-elements-35555e36452ec13433c550f928baa706\" id=\"villes\" style=\"color:#fa8071\">Liste des communes ne faisant pas l\u2019objet de frais de d\u00e9placement&nbsp;:<\/p>\n\n\n\n<p class=\"has-text-color has-link-color wp-elements-1270e150c7d4aa0282d10961a0002ffc\" style=\"color:#fa8071\">Antony, Arcueil, Bagneux, Bi\u00e8vres, Boulogne Billancourt, Bourg la Reine, Buc, Cachan, Ch\u00e2tenay Malabry, Ch\u00e2tillon, Chaville, Chevilly Larue, Clamart, Choisy le Roi, Courbevoie, Fontenay aux Roses, Garches, Gentilly, Igny, Issy les Moulineaux, Ivry, Jouy en Josas, Kremlin Bic\u00eatre, La Celle Saint Cloud, La D\u00e9fense, Le Chesnay, Le Plessis, Les Loges en Josas, Levallois Perret, L&rsquo;Ha\u00ff les Roses, Marne la Coquette, Massy, Montrouge, Robinson, Malakoff, Meudon, Nanterre, Neuilly sur Seine, Orly, Palaiseau, Paris 5<sup>e<\/sup>, 6<sup>e<\/sup>, 7<sup>e<\/sup>, 8<sup>e<\/sup>, 13<sup>e<\/sup>, 14<sup>e<\/sup>, 15<sup>e<\/sup>, 16<sup>e<\/sup> et 17<sup>e<\/sup>, &nbsp;Puteaux, Rocquencourt, Rueil Malmaison, Rungis, Saclay, Saint Cloud, Sceaux, S\u00e8vres, Suresnes, Thiais, Vanves, Vaucresson, Vauhallan, V\u00e9lizy Villacoublay, Verri\u00e8res le Buisson, Versailles, Ville d\u2019Avray, Villejuif, Viroflay, Vitry sur Seine, Wissous.<\/p>\n\n\n\n<p><strong>6. Obligations de Marion DESOBRY-B\u00d6HLE<\/strong><\/p>\n\n\n\n<p>Marion DESOBRY-B\u00d6HLE s\u2019engage \u00e0&nbsp;:<\/p>\n\n\n\n<ul class=\"wp-block-list\">\n<li>Ex\u00e9cuter la s\u00e9ance par un encadrement et un accompagnement sportif avec diligence et selon les r\u00e8gles de l\u2019art&nbsp;;<\/li>\n\n\n\n<li>\u00c0 veiller \u00e0 la condition physique et \u00e0 la s\u00e9curit\u00e9 du client tout au long de la s\u00e9ance&nbsp;;<\/li>\n\n\n\n<li>\u00c0 fournir au client tout conseil, toute information ou tout renseignement qui pourrait lui \u00eatre utile pour sa pratique sportive&nbsp;;<\/li>\n\n\n\n<li>\u00c0 \u00eatre disponible, ponctuelle, aimable et loyale.<\/li>\n<\/ul>\n\n\n\n<p><strong>7. Obligations du client<\/strong><\/p>\n\n\n\n<ol class=\"wp-block-list\">\n<li><em>Aptitude physique<\/em><\/li>\n<\/ol>\n\n\n\n<p>&nbsp;<strong>Le client certifie sur l\u2019honneur ne pas faire l\u2019objet de contre-indication \u00e0 la pratique d\u2019un sport<\/strong>. Il est par ailleurs fortement conseill\u00e9 au client de fournir \u00e0 Marion DESOBRY-B\u00d6HLE un certificat m\u00e9dical dat\u00e9 de moins de trois mois indiquant sans r\u00e9serve qu\u2019il est apte \u00e0 suivre les s\u00e9ances de coaching.<\/p>\n\n\n\n<p>&nbsp;Le client est tenu de signaler \u00e0 Marion DESOBRY-B\u00d6HLE tout changement relatif \u00e0 son \u00e9tat de sant\u00e9 ou \u00e0 sa condition physique.<\/p>\n\n\n\n<p>Marion DESOBRY-B\u00d6HLE est libre de consid\u00e9rer que le client n\u2019est pas apte \u00e0 suivre les s\u00e9ances de coaching, ce qui peut entrainer une modification de celle-ci, son annulation ou un arr\u00eat, un report ou une annulation de s\u00e9ance.<\/p>\n\n\n\n<p>&nbsp;Pour les femmes enceintes, une autorisation m\u00e9dicale d\u2019aptitude \u00e0 la pratique des s\u00e9ances de coaching doit \u00eatre fournie \u00e0 Marion DESOBRY-B\u00d6HLE.<\/p>\n\n\n\n<ul class=\"wp-block-list\">\n<li><em>Comportement<\/em><\/li>\n<\/ul>\n\n\n\n<p>&nbsp;Le client s\u2019engage \u00e0&nbsp;:<\/p>\n\n\n\n<ul class=\"wp-block-list\">\n<li>Porter une tenue de sport propre et adapt\u00e9e pour chaque s\u00e9ance&nbsp;;<\/li>\n\n\n\n<li>Respecter les consignes de Marion DESOBRY-B\u00d6HLE lors des s\u00e9ances, en particulier les consignes de s\u00e9curit\u00e9 et d\u2019hygi\u00e8ne&nbsp;;<\/li>\n\n\n\n<li>\u00catre respectueux, loyal et ponctuel&nbsp;;<\/li>\n\n\n\n<li>Avoir un comportement soucieux de sa s\u00e9curit\u00e9 et de celle de Marion DESOBRY-B\u00d6HLE.<\/li>\n<\/ul>\n\n\n\n<p>En cas de comportement irrespectueux, d\u00e9loyal ou dangereux de la part du client, Marion DESOBRY-B\u00d6HLE est libre de consid\u00e9rer que le client n\u2019est pas apte \u00e0 suivre les s\u00e9ances de coaching. Marion DESOBRY-B\u00d6HLE peut le cas \u00e9ch\u00e9ant d\u00e9cider de suspendre imm\u00e9diatement la s\u00e9ance concern\u00e9e. Marion DESOBRY-B\u00d6HLE peut ensuite d\u00e9cider, sans pr\u00e9avis, remboursement ou indemnit\u00e9, de reporter la s\u00e9ance, de l\u2019annuler, ou, suivant la gravit\u00e9 du comportement du client, de modifier ou d\u2019annuler les \u00e9ventuels autres rendez-vous et \u00e9ventuellement refuser d\u00e9finitivement de coacher le client.<\/p>\n\n\n\n<p><em><u>Les coachings de groupe<\/u><\/em><em><u><\/u><\/em><\/p>\n\n\n\n<p>&nbsp;Les clients ayant choisis des coachings de groupe sont soumis \u00e0 l\u2019ensemble des pr\u00e9sentes Conditions G\u00e9n\u00e9rales de Vente. Seuls sont expos\u00e9es ci-dessous certains ajouts li\u00e9s \u00e0 la nature de ces s\u00e9ances&nbsp;:<\/p>\n\n\n\n<ul class=\"wp-block-list\">\n<li>Les clients des coachings de groupe doivent avoir un objectif sportif commun, l\u2019objet de ces s\u00e9ances n\u2019\u00e9tant pas de r\u00e9pondre aux objectifs individuels de chaque client&nbsp;;<\/li>\n\n\n\n<li>Les clients des coachings de groupe doivent s\u2019entendre afin de d\u00e9signer un ou plusieurs r\u00e9f\u00e9rents, charg\u00e9s de r\u00e9server les s\u00e9ances aupr\u00e8s Marion DESOBRY-B\u00d6HLE, par courrier \u00e9lectronique, t\u00e9l\u00e9phone ou SMS, et de transmettre aux autres clients du groupe toute information utile au sujet de celles-ci&nbsp;: horaires, lieux, mat\u00e9riel n\u00e9cessaire, etc.&nbsp;;<\/li>\n\n\n\n<li>Marion DESOBRY-B\u00d6HLE est libre de refuser l\u2019acc\u00e8s \u00e0 un client des coachings de groupe en cas de retard sup\u00e9rieur \u00e0 15 (quinze) minutes. La s\u00e9ance est dans ce cas annul\u00e9e pour lui, sans possibilit\u00e9 de report, de remboursement ou d\u2019indemnit\u00e9.<\/li>\n<\/ul>\n\n\n\n<p><strong>8. Retards, absences et impossibilit\u00e9s<\/strong><\/p>\n\n\n\n<p>Le client est libre d\u2019annuler une s\u00e9ance aupr\u00e8s de Marion DESOBRY-B\u00d6HLE moyennant un pr\u00e9avis minimum de 3 (trois) heures par t\u00e9l\u00e9phone ou SMS. Le cas \u00e9ch\u00e9ant, la s\u00e9ance sera report\u00e9e. Si le pr\u00e9avis n\u2019est pas respect\u00e9 ou que Marion DESOBRY-B\u00d6HLE aura attendu plus de 20 (vingt) mn au lieu de RDV de la s\u00e9ance, la s\u00e9ance sera annul\u00e9e et consid\u00e9r\u00e9e comme due.<\/p>\n\n\n\n<p>Marion DESOBRY-B\u00d6HLE est libre d\u2019annuler une s\u00e9ance moyennant un pr\u00e9avis de 6 (six) heures, par t\u00e9l\u00e9phone, et \u00e0 d\u00e9faut par SMS ou courrier \u00e9lectronique, ou moyennant un pr\u00e9avis d\u2019une heure si, pour une s\u00e9ance en ext\u00e9rieur, l\u2019annulation est justifi\u00e9e par des conditions m\u00e9t\u00e9orologiques (ou \u00e9v\u00e8nement exceptionnel) non adapt\u00e9es. Une s\u00e9ance peut \u00e9galement \u00eatre annul\u00e9e sans pr\u00e9avis, remboursement et indemnit\u00e9 en cas de force majeure ou d\u2019impossibilit\u00e9 manifeste de Marion DESOBRY-B\u00d6HLE. Les cas \u00e9ch\u00e9ants, la s\u00e9ance sera report\u00e9e.<\/p>\n\n\n\n<p><strong>9. Responsabilit\u00e9s<\/strong><\/p>\n\n\n\n<p>Marion DESOBRY-B\u00d6HLE d\u00e9cline toute responsabilit\u00e9 en cas de dommage, direct ou indirect, subi par le client \u00e0 l\u2019occasion d\u2019une s\u00e9ance, sauf en cas de faute de la part de Marion DESOBRY-B\u00d6HLE \u00e9tablie en justice. Cela vise notamment les \u00e9ventuels accidents et blessures pouvant survenir lors d\u2019une s\u00e9ance.<\/p>\n\n\n\n<p>&nbsp;Marion DESOBRY-B\u00d6HLE n\u2019est \u00e9galement pas responsable des dommages directs ou indirects subis par un client en cas d\u2019inex\u00e9cution ou de mauvaise ex\u00e9cution par eux des pr\u00e9sentes Conditions G\u00e9n\u00e9rales de Vente.&nbsp;<\/p>\n\n\n\n<p><strong>10. Assurances<\/strong><\/p>\n\n\n\n<p><strong>Chaque client doit \u00eatre titulaire d\u2019une police d\u2019assurance \u00ab&nbsp;Responsabilit\u00e9 civile&nbsp;\u00bb<\/strong>, couvrant tout dommage qu\u2019il pourrait causer \u00e0 des tiers ou \u00e0 lui-m\u00eame lors des s\u00e9ances.<\/p>\n\n\n\n<p>Marion DESOBRY-B\u00d6HLE conseille en outre \u00e0 ses clients de souscrire une police d\u2019assurance \u00ab&nbsp;Dommage corporel&nbsp;\u00bb permettant de couvrir les dommages affectant leur int\u00e9grit\u00e9 physique.<\/p>\n\n\n\n<p>Marion DESOBRY-B\u00d6HLE est titulaire d\u2019une police d\u2019assurance professionnelle permettant de couvrir les dommages engageant sa responsabilit\u00e9 professionnelle.<\/p>\n\n\n\n<p><strong>11. Vie priv\u00e9e et droit \u00e0 l\u2019image<\/strong><\/p>\n\n\n\n<p>Marion DESOBRY-B\u00d6HLE s\u2019engage \u00e0 pr\u00e9server la confidentialit\u00e9 de ses clients. Cela vise toute information autre que celles transmises lors du paiement ou lors de la mise en place du programme personnalis\u00e9 et\/ou de groupe, ayant par exemple trait \u00e0 la vie personnelle, familiale ou professionnelle du client.<\/p>\n\n\n\n<p>Marion DESOBRY-B\u00d6HLE se r\u00e9serve la possibilit\u00e9 d\u2019utiliser l\u2019identit\u00e9 et l\u2019image de ses clients \u00e0 des fins de communication, sous r\u00e9serve d\u2019une acceptation \u00e9crite, expresse et pr\u00e9alable de leur part.<\/p>\n\n\n\n<p><strong>12. En cas de litige<\/strong><strong><\/strong><\/p>\n\n\n\n<p>En cas de litige relatif aux pr\u00e9sentes Conditions G\u00e9n\u00e9rales de Vente ou lors du paiement des s\u00e9ances de coaching, les parties conviennent de tenter, avant toute saisine d\u2019une juridiction comp\u00e9tente, de trouver une solution amiable.<\/p>\n\n\n\n<p>&nbsp;Tout litige relatif aux pr\u00e9sentes Conditions G\u00e9n\u00e9rales de Vente ou lors du paiement des s\u00e9ances de coaching, ne pouvant \u00eatre r\u00e9solu \u00e0 l\u2019amiable, rel\u00e8ve de la comp\u00e9tence exclusive des tribunaux de Nanterre.<\/p>\n","protected":false},"excerpt":{"rendered":"<p>Conditions g\u00e9n\u00e9rales de vente (CGV) (02\/2025) Coach sportif Marion DESOBRY-B\u00d6HLE Les Conditions g\u00e9n\u00e9rales de vente peuvent \u00eatre lues en permanence sur le site\u00a0: Document CGV.pdf ou \u00eatre envoy\u00e9es par courrier \u00e9lectronique sur simple demande. 1. Pr\u00e9sentation de Marion DESOBRY-B\u00d6HLE et contact Marion DESOBRY-B\u00d6HLE est coach sportif dipl\u00f4m\u00e9e du BPJEPS AF option A et B (d\u00e9c.<\/p><\/div>\n<div class=\"blog-btn\"><a href=\"https:\/\/coachsportifmarion.fr\/index.php\/cgv\/\" class=\"home-blog-btn\">Lire la suite<\/a><\/p>\n","protected":false},"author":1,"featured_media":0,"parent":0,"menu_order":7,"comment_status":"closed","ping_status":"closed","template":"template\/template-page-full-width.php","meta":{"footnotes":""},"class_list":["post-179","page","type-page","status-publish","hentry"],"aioseo_notices":[],"_links":{"self":[{"href":"https:\/\/coachsportifmarion.fr\/index.php\/wp-json\/wp\/v2\/pages\/179","targetHints":{"allow":["GET"]}}],"collection":[{"href":"https:\/\/coachsportifmarion.fr\/index.php\/wp-json\/wp\/v2\/pages"}],"about":[{"href":"https:\/\/coachsportifmarion.fr\/index.php\/wp-json\/wp\/v2\/types\/page"}],"author":[{"embeddable":true,"href":"https:\/\/coachsportifmarion.fr\/index.php\/wp-json\/wp\/v2\/users\/1"}],"replies":[{"embeddable":true,"href":"https:\/\/coachsportifmarion.fr\/index.php\/wp-json\/wp\/v2\/comments?post=179"}],"version-history":[{"count":14,"href":"https:\/\/coachsportifmarion.fr\/index.php\/wp-json\/wp\/v2\/pages\/179\/revisions"}],"predecessor-version":[{"id":387,"href":"https:\/\/coachsportifmarion.fr\/index.php\/wp-json\/wp\/v2\/pages\/179\/revisions\/387"}],"wp:attachment":[{"href":"https:\/\/coachsportifmarion.fr\/index.php\/wp-json\/wp\/v2\/media?parent=179"}],"curies":[{"name":"wp","href":"https:\/\/api.w.org\/{rel}","templated":true}]}}