{"id":2,"date":"2025-02-05T16:04:56","date_gmt":"2025-02-05T15:04:56","guid":{"rendered":"http:\/\/bmsvzqf.cluster021.hosting.ovh.net\/?page_id=2"},"modified":"2025-03-19T17:34:21","modified_gmt":"2025-03-19T16:34:21","slug":"sap","status":"publish","type":"page","link":"https:\/\/coachsportifmarion.fr\/index.php\/sap\/","title":{"rendered":"SAP"},"content":{"rendered":"\n<div class=\"wp-block-group\"><div class=\"wp-block-group__inner-container is-layout-constrained wp-block-group-is-layout-constrained\">\n<figure class=\"wp-block-image size-full is-resized\"><img loading=\"lazy\" decoding=\"async\" width=\"600\" height=\"309\" src=\"http:\/\/bmsvzqf.cluster021.hosting.ovh.net\/wp-content\/uploads\/2025\/02\/arton14485.webp\" alt=\"Logo Service \u00e0 la personne\" class=\"wp-image-154\" style=\"width:267px;height:auto\" srcset=\"https:\/\/coachsportifmarion.fr\/wp-content\/uploads\/2025\/02\/arton14485.webp 600w, https:\/\/coachsportifmarion.fr\/wp-content\/uploads\/2025\/02\/arton14485-300x155.webp 300w\" sizes=\"auto, (max-width: 600px) 100vw, 600px\" \/><\/figure>\n\n\n\n<p class=\"has-text-color has-link-color wp-elements-16d6f9b1131a3e5ea1438c69f3f8228b\" style=\"color:#fa8071;font-size:20px\"><strong>Marion vous propose avec l&rsquo;aide de l&rsquo;\u00e9tat de b\u00e9n\u00e9ficier de -50% soit avec :<\/strong><\/p>\n\n\n\n<ul class=\"wp-block-list\">\n<li class=\"has-text-color has-link-color wp-elements-c49a6acb5759c4309feaef9bfad873d3\" style=\"color:#fa8071\"><strong>Une r\u00e9duction imm\u00e9diate de 50% du prix de la s\u00e9ance (apr\u00e8s avoir rempli ensemble les conditions d&rsquo;obtention<\/strong>)<\/li>\n\n\n\n<li class=\"has-text-color has-link-color wp-elements-935af43a1ce0e79de13ea4d1ac9e30aa\" style=\"color:#fa8071\"><strong>Une attestation fiscale pour d\u00e9duire de vos imp\u00f4ts sur votre d\u00e9claration annuelle<\/strong><\/li>\n<\/ul>\n\n\n\n<p><\/p>\n\n\n\n<p style=\"font-size:18px\">Les conditions d&rsquo;acc\u00e8s et d&rsquo;utilisation pour les clients :<\/p>\n\n\n\n<p>Ce service permet, pour un tiers de prestation authentifi\u00e9, d\u2019inscrire son client au service pour qu\u2019il puisse b\u00e9n\u00e9ficier du cr\u00e9dit d\u2019imp\u00f4t sur ses prestations. Le client (ou particulier) doit \u00eatre reconnu par le service DGFIP et disposer d\u2019une p\u00e9riode tax\u00e9e (il doit d\u00e9j\u00e0 avoir r\u00e9alis\u00e9 au moins une d\u00e9claration de revenus aupr\u00e8s de l\u2019administration fiscale au moment de l\u2019inscription) pour avoir le droit \u00e0 acc\u00e9der \u00e0 l\u2019offre. L\u2019inscription s\u2019effectue de mani\u00e8re unitaire. Le tiers de prestation doit \u00eatre connu et authentifi\u00e9. Lorsque le particulier est d\u00e9j\u00e0 inscrit au service avec un autre tiers de prestation, seul un appareillage avec le nouveau tiers de prestation s\u2019effectuera. Les informations de coordonn\u00e9es bancaires, coordonn\u00e9es postales et informations de contact connues seront conserv\u00e9es : c\u2019est au particulier de mettre \u00e0 jour ses donn\u00e9es sur son espace en ligne s\u2019il le souhaite. Aucun contr\u00f4le ne sera effectu\u00e9 entre les informations coordonn\u00e9es bancaires, coordonn\u00e9es postales et informations de contact saisies et celles connues. L\u2019appareillage avec un tiers de prestation est propos\u00e9 au particulier, qui peut l\u2019accepter ou le refuser dans son compte en ligne. Cette acceptation est n\u00e9cessaire avant la transmission de demande de paiement par le tiers de prestation.&nbsp;<\/p>\n\n\n\n<p style=\"font-size:18px\">Caract\u00e8re non-obligatoire et de la gratuit\u00e9 du service<\/p>\n\n\n\n<p style=\"font-size:18px\">L&rsquo;interlocuteur du client reste l&rsquo;Organisme de service \u00e0 la personne ; &nbsp;<a href=\"https:\/\/www.impots.gouv.fr\/portail\/particulier\/emploi-domicile\" target=\"_blank\" rel=\"noreferrer noopener\">https\/\/www.impots.gouv.fr\/portail\/.particulier\/emploi-domicile<\/a><\/p>\n\n\n\n<p><\/p>\n\n\n\n<blockquote class=\"wp-block-quote is-layout-flow wp-block-quote-is-layout-flow\">\n<p><\/p>\n\n\n\n<p><\/p>\n<\/blockquote>\n<\/div><\/div>\n","protected":false},"excerpt":{"rendered":"<p>Marion vous propose avec l&rsquo;aide de l&rsquo;\u00e9tat de b\u00e9n\u00e9ficier de -50% soit avec : Les conditions d&rsquo;acc\u00e8s et d&rsquo;utilisation pour les clients : Ce service permet, pour un tiers de prestation authentifi\u00e9, d\u2019inscrire son client au service pour qu\u2019il puisse b\u00e9n\u00e9ficier du cr\u00e9dit d\u2019imp\u00f4t sur ses prestations. Le client (ou particulier) doit \u00eatre reconnu par<\/p><\/div>\n<div class=\"blog-btn\"><a href=\"https:\/\/coachsportifmarion.fr\/index.php\/sap\/\" class=\"home-blog-btn\">Lire la suite<\/a><\/p>\n","protected":false},"author":1,"featured_media":0,"parent":0,"menu_order":3,"comment_status":"closed","ping_status":"closed","template":"template\/template-page-full-width.php","meta":{"footnotes":""},"class_list":["post-2","page","type-page","status-publish","hentry"],"aioseo_notices":[],"_links":{"self":[{"href":"https:\/\/coachsportifmarion.fr\/index.php\/wp-json\/wp\/v2\/pages\/2","targetHints":{"allow":["GET"]}}],"collection":[{"href":"https:\/\/coachsportifmarion.fr\/index.php\/wp-json\/wp\/v2\/pages"}],"about":[{"href":"https:\/\/coachsportifmarion.fr\/index.php\/wp-json\/wp\/v2\/types\/page"}],"author":[{"embeddable":true,"href":"https:\/\/coachsportifmarion.fr\/index.php\/wp-json\/wp\/v2\/users\/1"}],"replies":[{"embeddable":true,"href":"https:\/\/coachsportifmarion.fr\/index.php\/wp-json\/wp\/v2\/comments?post=2"}],"version-history":[{"count":7,"href":"https:\/\/coachsportifmarion.fr\/index.php\/wp-json\/wp\/v2\/pages\/2\/revisions"}],"predecessor-version":[{"id":413,"href":"https:\/\/coachsportifmarion.fr\/index.php\/wp-json\/wp\/v2\/pages\/2\/revisions\/413"}],"wp:attachment":[{"href":"https:\/\/coachsportifmarion.fr\/index.php\/wp-json\/wp\/v2\/media?parent=2"}],"curies":[{"name":"wp","href":"https:\/\/api.w.org\/{rel}","templated":true}]}}