{"id":33,"date":"2025-02-05T16:02:38","date_gmt":"2025-02-05T15:02:38","guid":{"rendered":"http:\/\/bmsvzqf.cluster021.hosting.ovh.net\/index.php\/about\/"},"modified":"2025-03-19T17:30:09","modified_gmt":"2025-03-19T16:30:09","slug":"about","status":"publish","type":"page","link":"https:\/\/coachsportifmarion.fr\/","title":{"rendered":"Besoin d&rsquo;un coaching sportif ?"},"content":{"rendered":"\n<p class=\"has-text-align-center has-text-color has-link-color has-medium-font-size wp-elements-c3fdb6fc8a4bbffba0252449758f329b\" style=\"color:#fa8071\"><\/p>\n\n\n\n<div class=\"wp-block-cover\"><span aria-hidden=\"true\" class=\"wp-block-cover__background has-background-dim\"><\/span><img loading=\"lazy\" decoding=\"async\" width=\"612\" height=\"408\" class=\"wp-block-cover__image-background wp-image-9\" alt=\"Image de fond de coaching\" src=\"https:\/\/coachsportifmarion.fr\/wp-content\/uploads\/2025\/02\/istockphoto-871070868-612x612-1.jpg\" data-object-fit=\"cover\" srcset=\"https:\/\/coachsportifmarion.fr\/wp-content\/uploads\/2025\/02\/istockphoto-871070868-612x612-1.jpg 612w, https:\/\/coachsportifmarion.fr\/wp-content\/uploads\/2025\/02\/istockphoto-871070868-612x612-1-300x200.jpg 300w\" sizes=\"auto, (max-width: 612px) 100vw, 612px\" \/><div class=\"wp-block-cover__inner-container is-layout-flow wp-block-cover-is-layout-flow\">\n<p class=\"has-text-align-center has-large-font-size\"><strong>Votre coach sportif Marion vous accompagne \u00e0 Clamart et ses alentours !<\/strong><\/p>\n\n\n\n<p class=\"has-text-align-center has-text-color has-link-color has-large-font-size wp-elements-68a7884191b2d046230a05aa5f50f9fb\" style=\"color:#fa8071\"><strong>06 51 80 88 35<\/strong><\/p>\n\n\n\n<p class=\"has-text-align-center\" style=\"font-size:18px\"><strong>Elle vous fait b\u00e9n\u00e9ficier de ses comp\u00e9tences et de son exp\u00e9rience sportive au travers d&rsquo;un accompagnement personnalis\u00e9.<\/strong><\/p>\n\n\n\n<p class=\"has-text-align-center\"><strong>De plus, Marion r\u00e9alise votre programmes d&rsquo;entra\u00eenement personnalis\u00e9 pour r\u00e9pondre \u00e0 vos besoins sp\u00e9cifiques et atteindre vos objectifs<\/strong><\/p>\n\n\n\n<p class=\"has-text-align-center has-medium-font-size\">A votre domicile ou dans un parc pr\u00e8s de chez vous.<\/p>\n<\/div><\/div>\n\n\n\n<p>Elle dispose de mat\u00e9riel :<\/p>\n\n\n\n<ul class=\"wp-block-list\">\n<li>\u00c9lastiques<\/li>\n\n\n\n<li>Poids<\/li>\n\n\n\n<li>Cordes \u00e0 sauter<\/li>\n\n\n\n<li>Etc&#8230;<\/li>\n<\/ul>\n\n\n\n<p class=\"has-text-align-center\" style=\"font-size:16px\"><strong>Que vous souhaitiez, perdre du poids, prendre du muscle, faire une pr\u00e9paration physique pour un sport sp\u00e9cifique, faire du sport bien-\u00eatre, etc&#8230;<\/strong><\/p>\n\n\n\n<p class=\"has-text-align-center\" style=\"font-size:16px\"><strong>Marion saura vous motiver et vous accompagner pour r\u00e9aliser votre objectif avec s\u00e9rieux dans la joie et la bonne humeur<\/strong> !<\/p>\n\n\n\n<p><\/p>\n\n\n\n<div class=\"wp-block-group\"><div class=\"wp-block-group__inner-container is-layout-constrained wp-block-group-is-layout-constrained\">\n<div class=\"wp-block-group\"><div class=\"wp-block-group__inner-container is-layout-constrained wp-block-group-is-layout-constrained\">\n<div class=\"wp-block-columns is-layout-flex wp-container-core-columns-is-layout-9d6595d7 wp-block-columns-is-layout-flex\">\n<div class=\"wp-block-column is-layout-flow wp-block-column-is-layout-flow\" style=\"flex-basis:100%\">\n<figure class=\"wp-block-image size-large is-style-default\"><img loading=\"lazy\" decoding=\"async\" width=\"1024\" height=\"260\" src=\"http:\/\/bmsvzqf.cluster021.hosting.ovh.net\/wp-content\/uploads\/2025\/02\/triple-1024x260.png\" alt=\"Diff\u00e9rents coaching en image\" class=\"wp-image-119\" srcset=\"https:\/\/coachsportifmarion.fr\/wp-content\/uploads\/2025\/02\/triple-1024x260.png 1024w, https:\/\/coachsportifmarion.fr\/wp-content\/uploads\/2025\/02\/triple-300x76.png 300w, https:\/\/coachsportifmarion.fr\/wp-content\/uploads\/2025\/02\/triple-768x195.png 768w, https:\/\/coachsportifmarion.fr\/wp-content\/uploads\/2025\/02\/triple-1536x391.png 1536w, https:\/\/coachsportifmarion.fr\/wp-content\/uploads\/2025\/02\/triple-2048x521.png 2048w\" sizes=\"auto, (max-width: 1024px) 100vw, 1024px\" \/><\/figure>\n<\/div>\n<\/div>\n<\/div><\/div>\n<\/div><\/div>\n\n\n\n<p><\/p>\n","protected":false},"excerpt":{"rendered":"<p>Elle dispose de mat\u00e9riel : Que vous souhaitiez, perdre du poids, prendre du muscle, faire une pr\u00e9paration physique pour un sport sp\u00e9cifique, faire du sport bien-\u00eatre, etc&#8230; Marion saura vous motiver et vous accompagner pour r\u00e9aliser votre objectif avec s\u00e9rieux dans la joie et la bonne humeur !<\/p>\n","protected":false},"author":1,"featured_media":0,"parent":0,"menu_order":0,"comment_status":"closed","ping_status":"closed","template":"template\/template-page-full-width.php","meta":{"footnotes":""},"class_list":["post-33","page","type-page","status-publish","hentry"],"aioseo_notices":[],"_links":{"self":[{"href":"https:\/\/coachsportifmarion.fr\/index.php\/wp-json\/wp\/v2\/pages\/33","targetHints":{"allow":["GET"]}}],"collection":[{"href":"https:\/\/coachsportifmarion.fr\/index.php\/wp-json\/wp\/v2\/pages"}],"about":[{"href":"https:\/\/coachsportifmarion.fr\/index.php\/wp-json\/wp\/v2\/types\/page"}],"author":[{"embeddable":true,"href":"https:\/\/coachsportifmarion.fr\/index.php\/wp-json\/wp\/v2\/users\/1"}],"replies":[{"embeddable":true,"href":"https:\/\/coachsportifmarion.fr\/index.php\/wp-json\/wp\/v2\/comments?post=33"}],"version-history":[{"count":30,"href":"https:\/\/coachsportifmarion.fr\/index.php\/wp-json\/wp\/v2\/pages\/33\/revisions"}],"predecessor-version":[{"id":409,"href":"https:\/\/coachsportifmarion.fr\/index.php\/wp-json\/wp\/v2\/pages\/33\/revisions\/409"}],"wp:attachment":[{"href":"https:\/\/coachsportifmarion.fr\/index.php\/wp-json\/wp\/v2\/media?parent=33"}],"curies":[{"name":"wp","href":"https:\/\/api.w.org\/{rel}","templated":true}]}}