{"id":34,"date":"2025-02-05T16:02:38","date_gmt":"2025-02-05T15:02:38","guid":{"rendered":"http:\/\/bmsvzqf.cluster021.hosting.ovh.net\/index.php\/home\/"},"modified":"2025-03-19T17:33:45","modified_gmt":"2025-03-19T16:33:45","slug":"massages","status":"publish","type":"page","link":"https:\/\/coachsportifmarion.fr\/index.php\/massages\/","title":{"rendered":"Massages"},"content":{"rendered":"\n<p style=\"font-size:20px\"><strong>Form\u00e9e pour des massages bien-\u00eatre. Marion vous propose, apr\u00e8s la s\u00e9ance ou hors s\u00e9ance de sport un massage personnalis\u00e9. Avec ou sans huiles essentielles, sur table ou sur chaise.<\/strong><\/p>\n\n\n\n<ul class=\"wp-block-list\">\n<li>Sur table d&rsquo;1 heure pour le corps entier.<\/li>\n\n\n\n<li>Massage localis\u00e9 sur une partie du corps (temps en fonction des besoins).<\/li>\n\n\n\n<li>Sur chaise de 15 \u00e0 20 mn pour se d\u00e9contracter et rester concentr\u00e9 au travail (ou tt). Habill\u00e9 et sans huiles.<\/li>\n\n\n\n<li>Synergie personnalis\u00e9e possible.<\/li>\n<\/ul>\n\n\n\n<figure class=\"wp-block-image size-large\"><img loading=\"lazy\" decoding=\"async\" width=\"1024\" height=\"381\" src=\"http:\/\/bmsvzqf.cluster021.hosting.ovh.net\/wp-content\/uploads\/2025\/02\/massages-1024x381.png\" alt=\"Massages sur table et massage sur chaise\" class=\"wp-image-141\" srcset=\"https:\/\/coachsportifmarion.fr\/wp-content\/uploads\/2025\/02\/massages-1024x381.png 1024w, https:\/\/coachsportifmarion.fr\/wp-content\/uploads\/2025\/02\/massages-300x112.png 300w, https:\/\/coachsportifmarion.fr\/wp-content\/uploads\/2025\/02\/massages-768x285.png 768w, https:\/\/coachsportifmarion.fr\/wp-content\/uploads\/2025\/02\/massages-1536x571.png 1536w, https:\/\/coachsportifmarion.fr\/wp-content\/uploads\/2025\/02\/massages-2048x761.png 2048w\" sizes=\"auto, (max-width: 1024px) 100vw, 1024px\" \/><\/figure>\n","protected":false},"excerpt":{"rendered":"<p>Form\u00e9e pour des massages bien-\u00eatre. Marion vous propose, apr\u00e8s la s\u00e9ance ou hors s\u00e9ance de sport un massage personnalis\u00e9. Avec ou sans huiles essentielles, sur table ou sur chaise.<\/p>\n","protected":false},"author":1,"featured_media":0,"parent":0,"menu_order":2,"comment_status":"closed","ping_status":"closed","template":"template\/template-page-full-width.php","meta":{"footnotes":""},"class_list":["post-34","page","type-page","status-publish","hentry"],"aioseo_notices":[],"_links":{"self":[{"href":"https:\/\/coachsportifmarion.fr\/index.php\/wp-json\/wp\/v2\/pages\/34","targetHints":{"allow":["GET"]}}],"collection":[{"href":"https:\/\/coachsportifmarion.fr\/index.php\/wp-json\/wp\/v2\/pages"}],"about":[{"href":"https:\/\/coachsportifmarion.fr\/index.php\/wp-json\/wp\/v2\/types\/page"}],"author":[{"embeddable":true,"href":"https:\/\/coachsportifmarion.fr\/index.php\/wp-json\/wp\/v2\/users\/1"}],"replies":[{"embeddable":true,"href":"https:\/\/coachsportifmarion.fr\/index.php\/wp-json\/wp\/v2\/comments?post=34"}],"version-history":[{"count":8,"href":"https:\/\/coachsportifmarion.fr\/index.php\/wp-json\/wp\/v2\/pages\/34\/revisions"}],"predecessor-version":[{"id":412,"href":"https:\/\/coachsportifmarion.fr\/index.php\/wp-json\/wp\/v2\/pages\/34\/revisions\/412"}],"wp:attachment":[{"href":"https:\/\/coachsportifmarion.fr\/index.php\/wp-json\/wp\/v2\/media?parent=34"}],"curies":[{"name":"wp","href":"https:\/\/api.w.org\/{rel}","templated":true}]}}